{"id":30,"date":"2021-12-07T15:55:37","date_gmt":"2021-12-07T15:55:37","guid":{"rendered":"https:\/\/abbrindes.pt\/?page_id=30"},"modified":"2025-09-27T10:36:08","modified_gmt":"2025-09-27T10:36:08","slug":"inicio","status":"publish","type":"page","link":"https:\/\/abbrindes.pt\/","title":{"rendered":"Os Melhores Produtos de Merchandising est\u00e3o aqui!"},"content":{"rendered":"\t\t<div data-elementor-type=\"wp-page\" data-elementor-id=\"30\" class=\"elementor elementor-30\">\n\t\t\t\t\t\t\t\t\t<section class=\"elementor-section elementor-top-section elementor-element elementor-element-9d75569 elementor-section-boxed elementor-section-height-default elementor-section-height-default\" data-id=\"9d75569\" data-element_type=\"section\">\n\t\t\t\t\t\t<div class=\"elementor-container elementor-column-gap-default\">\n\t\t\t\t\t<div class=\"elementor-column elementor-col-100 elementor-top-column elementor-element elementor-element-8f15802\" data-id=\"8f15802\" data-element_type=\"column\">\n\t\t\t<div class=\"elementor-widget-wrap\">\n\t\t\t\t\t\t\t\t\t<\/div>\n\t\t<\/div>\n\t\t\t\t\t\t\t<\/div>\n\t\t<\/section>\n\t\t\t\t<section class=\"elementor-section elementor-top-section elementor-element elementor-element-e76536c elementor-section-boxed elementor-section-height-default elementor-section-height-default\" data-id=\"e76536c\" data-element_type=\"section\">\n\t\t\t\t\t\t<div class=\"elementor-container elementor-column-gap-default\">\n\t\t\t\t\t<div class=\"elementor-column elementor-col-100 elementor-top-column elementor-element elementor-element-5d51c6c\" data-id=\"5d51c6c\" data-element_type=\"column\">\n\t\t\t<div class=\"elementor-widget-wrap elementor-element-populated\">\n\t\t\t\t\t\t\t\t<div class=\"elementor-element elementor-element-744deaa elementor-widget elementor-widget-text-editor\" data-id=\"744deaa\" data-element_type=\"widget\" data-widget_type=\"text-editor.default\">\n\t\t\t\t<div class=\"elementor-widget-container\">\n\t\t\t<style>\/*! elementor - v3.7.2 - 21-08-2022 *\/\n.elementor-widget-text-editor.elementor-drop-cap-view-stacked .elementor-drop-cap{background-color:#818a91;color:#fff}.elementor-widget-text-editor.elementor-drop-cap-view-framed .elementor-drop-cap{color:#818a91;border:3px solid;background-color:transparent}.elementor-widget-text-editor:not(.elementor-drop-cap-view-default) .elementor-drop-cap{margin-top:8px}.elementor-widget-text-editor:not(.elementor-drop-cap-view-default) .elementor-drop-cap-letter{width:1em;height:1em}.elementor-widget-text-editor .elementor-drop-cap{float:left;text-align:center;line-height:1;font-size:50px}.elementor-widget-text-editor .elementor-drop-cap-letter{display:inline-block}<\/style>\t\t\t\t<h3><span style=\"color: #ff0000;\">Consigo desde 2002<\/span><\/h3>\t\t\t\t\t\t<\/div>\n\t\t\t\t<\/div>\n\t\t\t\t\t<\/div>\n\t\t<\/div>\n\t\t\t\t\t\t\t<\/div>\n\t\t<\/section>\n\t\t\t\t<section class=\"elementor-section elementor-top-section elementor-element elementor-element-63ff474 elementor-section-boxed elementor-section-height-default elementor-section-height-default\" data-id=\"63ff474\" data-element_type=\"section\">\n\t\t\t\t\t\t<div class=\"elementor-container elementor-column-gap-default\">\n\t\t\t\t\t<div class=\"elementor-column elementor-col-100 elementor-top-column elementor-element elementor-element-a133658\" data-id=\"a133658\" data-element_type=\"column\">\n\t\t\t<div class=\"elementor-widget-wrap elementor-element-populated\">\n\t\t\t\t\t\t\t\t<div class=\"elementor-element elementor-element-a195b59 elementor-widget elementor-widget-image\" data-id=\"a195b59\" data-element_type=\"widget\" data-widget_type=\"image.default\">\n\t\t\t\t<div class=\"elementor-widget-container\">\n\t\t\t<style>\/*! elementor - v3.7.2 - 21-08-2022 *\/\n.elementor-widget-image{text-align:center}.elementor-widget-image a{display:inline-block}.elementor-widget-image a img[src$=\".svg\"]{width:48px}.elementor-widget-image img{vertical-align:middle;display:inline-block}<\/style>\t\t\t\t\t\t\t\t\t\t\t\t<img loading=\"lazy\" decoding=\"async\" width=\"960\" height=\"540\" src=\"https:\/\/abbrindes.pt\/wp-content\/uploads\/2021\/11\/APRESENTACAO-ABBRINDES-2025-1024x576.jpg\" class=\"attachment-large size-large\" alt=\"\" srcset=\"https:\/\/abbrindes.pt\/wp-content\/uploads\/2021\/11\/APRESENTACAO-ABBRINDES-2025-1024x576.jpg 1024w, https:\/\/abbrindes.pt\/wp-content\/uploads\/2021\/11\/APRESENTACAO-ABBRINDES-2025-300x169.jpg 300w, https:\/\/abbrindes.pt\/wp-content\/uploads\/2021\/11\/APRESENTACAO-ABBRINDES-2025-768x432.jpg 768w, https:\/\/abbrindes.pt\/wp-content\/uploads\/2021\/11\/APRESENTACAO-ABBRINDES-2025-1536x864.jpg 1536w, https:\/\/abbrindes.pt\/wp-content\/uploads\/2021\/11\/APRESENTACAO-ABBRINDES-2025-1140x641.jpg 1140w, https:\/\/abbrindes.pt\/wp-content\/uploads\/2021\/11\/APRESENTACAO-ABBRINDES-2025-206x116.jpg 206w, https:\/\/abbrindes.pt\/wp-content\/uploads\/2021\/11\/APRESENTACAO-ABBRINDES-2025.jpg 1920w\" sizes=\"auto, (max-width: 960px) 100vw, 960px\" \/>\t\t\t\t\t\t\t\t\t\t\t\t\t\t\t<\/div>\n\t\t\t\t<\/div>\n\t\t\t\t<div class=\"elementor-element elementor-element-bbcf6f8 elementor-widget elementor-widget-text-editor\" data-id=\"bbcf6f8\" data-element_type=\"widget\" data-widget_type=\"text-editor.default\">\n\t\t\t\t<div class=\"elementor-widget-container\">\n\t\t\t\t\t\t\t<p class=\"cvGsUA direction-ltr align-justify para-style-body\" style=\"text-align: center;\"><span class=\"a_GcMg font-feature-liga-off font-feature-clig-off font-feature-calt-off text-decoration-none text-strikethrough-none\">Somos uma empresa de brindes, fundada em 2002, com o objectivo de oferecer \u00e0s empresas mais do que um brinde personalizado, procurando sempre criar liga\u00e7\u00f5es, impactar, contar hist\u00f3rias e assegurar o melhor servi\u00e7o.<\/span><\/p><p class=\"cvGsUA direction-ltr align-justify para-style-body\" style=\"text-align: center;\"><span class=\"a_GcMg font-feature-liga-off font-feature-clig-off font-feature-calt-off text-decoration-none text-strikethrough-none\">Junte-se a n\u00f3s nesta aventura, seja AB Brindes e torne a sua marca presente.<\/span><\/p><p class=\"cvGsUA direction-ltr align-justify para-style-body\" style=\"text-align: center;\"><span class=\"a_GcMg font-feature-liga-off font-feature-clig-off font-feature-calt-off text-decoration-none text-strikethrough-none\">Mais que uma oferta, seja presente.<\/span><\/p><p style=\"text-align: center;\"><img loading=\"lazy\" decoding=\"async\" class=\"wp-image-730 aligncenter\" src=\"http:\/\/abbrindes.pt\/wp-content\/uploads\/2025\/09\/APRESENTACAO-ABBRINDES-2025-5-e1758902361756-300x188.png\" alt=\"\" width=\"128\" height=\"80\" srcset=\"https:\/\/abbrindes.pt\/wp-content\/uploads\/2025\/09\/APRESENTACAO-ABBRINDES-2025-5-e1758902361756-300x188.png 300w, https:\/\/abbrindes.pt\/wp-content\/uploads\/2025\/09\/APRESENTACAO-ABBRINDES-2025-5-e1758902361756-186x116.png 186w, https:\/\/abbrindes.pt\/wp-content\/uploads\/2025\/09\/APRESENTACAO-ABBRINDES-2025-5-e1758902361756.png 608w\" sizes=\"auto, (max-width: 128px) 100vw, 128px\" \/><\/p><p style=\"text-align: center;\"><a href=\"https:\/\/www.instagram.com\/abbrindes.pt\/\">Para solicitar um or\u00e7amento ou fazer uma encomenda,<\/a><\/p><p style=\"text-align: center;\">pode entrar em contacto conosco atrav\u00e9s dos seguintes meios:<\/p><p style=\"text-align: center;\">Email: geral@abbrindes.pt<\/p><p style=\"text-align: center;\">Telefone\/WhatsApp: +351 919 589 408<\/p><p style=\"text-align: center;\">Direct Message no Instagram<\/p><p style=\"text-align: center;\"><a href=\"http:\/\/www.instagram.com\/abbrindes.pt\"><img loading=\"lazy\" decoding=\"async\" class=\"wp-image-692 aligncenter\" src=\"http:\/\/abbrindes.pt\/wp-content\/uploads\/2025\/09\/instagram-300x300.png\" alt=\"\" width=\"52\" height=\"52\" srcset=\"https:\/\/abbrindes.pt\/wp-content\/uploads\/2025\/09\/instagram-300x300.png 300w, https:\/\/abbrindes.pt\/wp-content\/uploads\/2025\/09\/instagram-150x150.png 150w, https:\/\/abbrindes.pt\/wp-content\/uploads\/2025\/09\/instagram-768x766.png 768w, https:\/\/abbrindes.pt\/wp-content\/uploads\/2025\/09\/instagram-75x75.png 75w, https:\/\/abbrindes.pt\/wp-content\/uploads\/2025\/09\/instagram-116x116.png 116w, https:\/\/abbrindes.pt\/wp-content\/uploads\/2025\/09\/instagram.png 889w\" sizes=\"auto, (max-width: 52px) 100vw, 52px\" \/><\/a><\/p><p><a href=\"https:\/\/www.instagram.com\/abbrindes.pt\/\">\u00a0<\/a><\/p>\t\t\t\t\t\t<\/div>\n\t\t\t\t<\/div>\n\t\t\t\t<div class=\"elementor-element elementor-element-6d558b9 elementor-widget elementor-widget-spacer\" data-id=\"6d558b9\" data-element_type=\"widget\" data-widget_type=\"spacer.default\">\n\t\t\t\t<div class=\"elementor-widget-container\">\n\t\t\t<style>\/*! elementor - v3.7.2 - 21-08-2022 *\/\n.elementor-column .elementor-spacer-inner{height:var(--spacer-size)}.e-container{--container-widget-width:100%}.e-container>.elementor-widget-spacer{width:var(--container-widget-width,var(--spacer-size));-ms-flex-item-align:stretch;align-self:stretch;-ms-flex-negative:0;flex-shrink:0}.e-container>.elementor-widget-spacer>.elementor-widget-container,.e-container>.elementor-widget-spacer>.elementor-widget-container>.elementor-spacer{height:100%}.e-container>.elementor-widget-spacer>.elementor-widget-container>.elementor-spacer>.elementor-spacer-inner{height:var(--container-widget-height,var(--spacer-size))}<\/style>\t\t<div class=\"elementor-spacer\">\n\t\t\t<div class=\"elementor-spacer-inner\"><\/div>\n\t\t<\/div>\n\t\t\t\t<\/div>\n\t\t\t\t<\/div>\n\t\t\t\t\t<\/div>\n\t\t<\/div>\n\t\t\t\t\t\t\t<\/div>\n\t\t<\/section>\n\t\t\t\t\t\t\t<\/div>\n\t\t","protected":false},"excerpt":{"rendered":"<p>Consigo desde 2002 Somos uma empresa de brindes, fundada em 2002, com o objectivo de oferecer \u00e0s empresas mais do que um brinde personalizado, procurando sempre criar liga\u00e7\u00f5es, impactar, contar hist\u00f3rias e assegurar o melhor servi\u00e7o. Junte-se a n\u00f3s nesta aventura, seja AB Brindes e torne a sua marca presente. Mais que uma oferta, seja presente. Para solicitar um or\u00e7amento ou fazer uma encomenda, pode entrar em contacto conosco atrav\u00e9s dos seguintes meios: Email: geral@abbrindes.pt Telefone\/WhatsApp: +351 919 589 408 Direct Message no Instagram \u00a0<\/p>\n","protected":false},"author":1,"featured_media":0,"parent":0,"menu_order":0,"comment_status":"closed","ping_status":"closed","template":"","meta":{"footnotes":""},"class_list":["post-30","page","type-page","status-publish","hentry"],"_links":{"self":[{"href":"https:\/\/abbrindes.pt\/index.php?rest_route=\/wp\/v2\/pages\/30","targetHints":{"allow":["GET"]}}],"collection":[{"href":"https:\/\/abbrindes.pt\/index.php?rest_route=\/wp\/v2\/pages"}],"about":[{"href":"https:\/\/abbrindes.pt\/index.php?rest_route=\/wp\/v2\/types\/page"}],"author":[{"embeddable":true,"href":"https:\/\/abbrindes.pt\/index.php?rest_route=\/wp\/v2\/users\/1"}],"replies":[{"embeddable":true,"href":"https:\/\/abbrindes.pt\/index.php?rest_route=%2Fwp%2Fv2%2Fcomments&post=30"}],"version-history":[{"count":248,"href":"https:\/\/abbrindes.pt\/index.php?rest_route=\/wp\/v2\/pages\/30\/revisions"}],"predecessor-version":[{"id":800,"href":"https:\/\/abbrindes.pt\/index.php?rest_route=\/wp\/v2\/pages\/30\/revisions\/800"}],"wp:attachment":[{"href":"https:\/\/abbrindes.pt\/index.php?rest_route=%2Fwp%2Fv2%2Fmedia&parent=30"}],"curies":[{"name":"wp","href":"https:\/\/api.w.org\/{rel}","templated":true}]}}