{"id":75,"date":"2022-01-06T00:25:12","date_gmt":"2022-01-06T00:25:12","guid":{"rendered":"https:\/\/abbrindes.pt\/?page_id=75"},"modified":"2025-09-27T10:03:56","modified_gmt":"2025-09-27T10:03:56","slug":"sobre-nos","status":"publish","type":"page","link":"https:\/\/abbrindes.pt\/?page_id=75","title":{"rendered":"Produtos e Servi\u00e7os"},"content":{"rendered":"\t\t<div data-elementor-type=\"wp-page\" data-elementor-id=\"75\" class=\"elementor elementor-75\">\n\t\t\t\t\t\t\t\t\t<section class=\"elementor-section elementor-top-section elementor-element elementor-element-a96c90c elementor-section-boxed elementor-section-height-default elementor-section-height-default\" data-id=\"a96c90c\" data-element_type=\"section\">\n\t\t\t\t\t\t<div class=\"elementor-container elementor-column-gap-default\">\n\t\t\t\t\t<div class=\"elementor-column elementor-col-100 elementor-top-column elementor-element elementor-element-a59688a\" data-id=\"a59688a\" data-element_type=\"column\">\n\t\t\t<div class=\"elementor-widget-wrap elementor-element-populated\">\n\t\t\t\t\t\t\t\t<div class=\"elementor-element elementor-element-8930255 elementor-widget elementor-widget-text-editor\" data-id=\"8930255\" data-element_type=\"widget\" data-widget_type=\"text-editor.default\">\n\t\t\t\t<div class=\"elementor-widget-container\">\n\t\t\t<style>\/*! elementor - v3.7.2 - 21-08-2022 *\/\n.elementor-widget-text-editor.elementor-drop-cap-view-stacked .elementor-drop-cap{background-color:#818a91;color:#fff}.elementor-widget-text-editor.elementor-drop-cap-view-framed .elementor-drop-cap{color:#818a91;border:3px solid;background-color:transparent}.elementor-widget-text-editor:not(.elementor-drop-cap-view-default) .elementor-drop-cap{margin-top:8px}.elementor-widget-text-editor:not(.elementor-drop-cap-view-default) .elementor-drop-cap-letter{width:1em;height:1em}.elementor-widget-text-editor .elementor-drop-cap{float:left;text-align:center;line-height:1;font-size:50px}.elementor-widget-text-editor .elementor-drop-cap-letter{display:inline-block}<\/style>\t\t\t\t<ul>\n<li style=\"list-style-type: none;\">\n<ul><!-- wp:list-item --><\/ul>\n<\/li>\n<li style=\"list-style-type: none;\">\u00a0<\/li>\n<\/ul>\n<p><!-- \/wp:list-item --><!-- wp:list-item --><!-- \/wp:list-item --><\/p>\n<p><!-- \/wp:list --><!-- wp:paragraph --><\/p>\n<p style=\"text-align: center;\"><b>T\u00eaxtil Personalizado<\/b><\/p>\n<p style=\"text-align: center;\">T-shirts, polos, sweatshirts e bon\u00e9s com bordados ou serigrafia.<b><\/b><\/p>\n<p style=\"text-align: center;\"><b>Brindes Tecnol\u00f3gicos<\/b><\/p>\n<p style=\"text-align: center;\">Powerbanks, pen drives e acess\u00f3rios para dispositivos m\u00f3veis.<b><\/b><\/p>\n<p style=\"text-align: center;\"><b>Artigos de Escrit\u00f3rio<\/b><\/p>\n<p style=\"text-align: center;\">Canetas, blocos de notas e pastas personalizadas.<\/p>\n<p style=\"text-align: center;\"><b>Brindes Ecol\u00f3gicos<\/b><\/p>\n<p style=\"text-align: center;\">Produtos sustent\u00e1veis como garrafas reutiliz\u00e1veis e sacos de algod\u00e3o.<\/p>\n<p style=\"text-align: center;\"><b>Brindes para Eventos<\/b><\/p>\n<p style=\"text-align: center;\">Pulseiras, fitas de pesco\u00e7o e crach\u00e1s personalizados.<\/p>\n<p style=\"text-align: center;\"><b>E muito mais!<\/b><\/p>\n<p style=\"text-align: center;\">\u00a0<\/p>\n<p style=\"text-align: center;\">Utilizamos diversas t\u00e9cnicas para garantir a melhor qualidade na personaliza\u00e7\u00e3o dos nossos produtos<\/p>\n<p>\u00a0<\/p>\n<p style=\"text-align: center;\"><!-- \/wp:paragraph --><!-- wp:paragraph --><\/p>\n<p style=\"text-align: center;\"><strong>Serigrafia:<\/strong> Ideal para grandes quantidades e designs simples<strong>.<\/strong><\/p>\n<p style=\"text-align: center;\"><!-- \/wp:paragraph --><!-- wp:paragraph --><\/p>\n<p style=\"text-align: center;\"><strong>Bordado: <\/strong>Perfeito para detalhes duradouros em tecidos.<\/p>\n<p style=\"text-align: center;\"><!-- \/wp:paragraph --><!-- wp:paragraph --><\/p>\n<p style=\"text-align: center;\"><strong>Sublima\u00e7\u00e3o: <\/strong>Adequada para imagens coloridas e complexas.<\/p>\n<p style=\"text-align: center;\"><!-- \/wp:paragraph --><!-- wp:paragraph --><\/p>\n<p style=\"text-align: center;\"><strong>Transfer\u00eancia T\u00e9rmica (DTF): <\/strong>Para designs vibrantes em tecidos escuros.<\/p>\n<p>\u00a0<\/p>\n<p style=\"text-align: center;\"><strong>Pe\u00e7a j\u00e1 o seu or\u00e7amento<\/strong><\/p>\n<p style=\"text-align: center;\">geral@abbrindes.pt<\/p>\n<p><!-- \/wp:paragraph --><\/p>\t\t\t\t\t\t<\/div>\n\t\t\t\t<\/div>\n\t\t\t\t\t<\/div>\n\t\t<\/div>\n\t\t\t\t\t\t\t<\/div>\n\t\t<\/section>\n\t\t\t\t<section class=\"elementor-section elementor-top-section elementor-element elementor-element-29332f2 elementor-section-boxed elementor-section-height-default elementor-section-height-default\" data-id=\"29332f2\" data-element_type=\"section\">\n\t\t\t\t\t\t<div class=\"elementor-container elementor-column-gap-default\">\n\t\t\t\t\t<div class=\"elementor-column elementor-col-100 elementor-top-column elementor-element elementor-element-33b373f\" data-id=\"33b373f\" data-element_type=\"column\">\n\t\t\t<div class=\"elementor-widget-wrap elementor-element-populated\">\n\t\t\t\t\t\t\t\t<div class=\"elementor-element elementor-element-27451c8 elementor-view-default elementor-widget elementor-widget-icon\" data-id=\"27451c8\" data-element_type=\"widget\" data-widget_type=\"icon.default\">\n\t\t\t\t<div class=\"elementor-widget-container\">\n\t\t\t\t\t<div class=\"elementor-icon-wrapper\">\n\t\t\t<div class=\"elementor-icon\">\n\t\t\t<i aria-hidden=\"true\" class=\"far fa-envelope\"><\/i>\t\t\t<\/div>\n\t\t<\/div>\n\t\t\t\t<\/div>\n\t\t\t\t<\/div>\n\t\t\t\t\t<\/div>\n\t\t<\/div>\n\t\t\t\t\t\t\t<\/div>\n\t\t<\/section>\n\t\t\t\t\t\t\t<\/div>\n\t\t","protected":false},"excerpt":{"rendered":"<p>T\u00eaxtil Personalizado T-shirts, polos, sweatshirts e bon\u00e9s com bordados ou serigrafia. Brindes Tecnol\u00f3gicos Powerbanks, pen drives e acess\u00f3rios para dispositivos m\u00f3veis. Artigos de Escrit\u00f3rio Canetas, blocos de notas e pastas personalizadas. Brindes Ecol\u00f3gicos Produtos sustent\u00e1veis como garrafas reutiliz\u00e1veis e sacos de algod\u00e3o. Brindes para Eventos Pulseiras, fitas de pesco\u00e7o e crach\u00e1s personalizados. E muito mais! \u00a0 Utilizamos diversas t\u00e9cnicas para garantir a melhor qualidade na personaliza\u00e7\u00e3o dos nossos produtos \u00a0 Serigrafia: Ideal para grandes quantidades e designs simples. Bordado: Perfeito para detalhes duradouros em tecidos. Sublima\u00e7\u00e3o: Adequada para imagens coloridas e complexas. Transfer\u00eancia T\u00e9rmica (DTF): Para designs vibrantes em tecidos escuros. \u00a0 Pe\u00e7a j\u00e1 o seu or\u00e7amento geral@abbrindes.pt<\/p>\n","protected":false},"author":1,"featured_media":0,"parent":0,"menu_order":0,"comment_status":"closed","ping_status":"closed","template":"","meta":{"footnotes":""},"class_list":["post-75","page","type-page","status-publish","hentry"],"_links":{"self":[{"href":"https:\/\/abbrindes.pt\/index.php?rest_route=\/wp\/v2\/pages\/75","targetHints":{"allow":["GET"]}}],"collection":[{"href":"https:\/\/abbrindes.pt\/index.php?rest_route=\/wp\/v2\/pages"}],"about":[{"href":"https:\/\/abbrindes.pt\/index.php?rest_route=\/wp\/v2\/types\/page"}],"author":[{"embeddable":true,"href":"https:\/\/abbrindes.pt\/index.php?rest_route=\/wp\/v2\/users\/1"}],"replies":[{"embeddable":true,"href":"https:\/\/abbrindes.pt\/index.php?rest_route=%2Fwp%2Fv2%2Fcomments&post=75"}],"version-history":[{"count":89,"href":"https:\/\/abbrindes.pt\/index.php?rest_route=\/wp\/v2\/pages\/75\/revisions"}],"predecessor-version":[{"id":772,"href":"https:\/\/abbrindes.pt\/index.php?rest_route=\/wp\/v2\/pages\/75\/revisions\/772"}],"wp:attachment":[{"href":"https:\/\/abbrindes.pt\/index.php?rest_route=%2Fwp%2Fv2%2Fmedia&parent=75"}],"curies":[{"name":"wp","href":"https:\/\/api.w.org\/{rel}","templated":true}]}}